{"id":74,"date":"2023-06-14T09:36:21","date_gmt":"2023-06-14T08:36:21","guid":{"rendered":"https:\/\/abiderm.net\/?post_type=product&#038;p=74"},"modified":"2026-04-12T15:55:05","modified_gmt":"2026-04-12T14:55:05","slug":"gel-nettoyant-purifiant-visage","status":"publish","type":"product","link":"https:\/\/abiderm.net\/index.php\/produit\/gel-nettoyant-purifiant-visage\/","title":{"rendered":"Gel nettoyant purifiant visage"},"content":{"rendered":"<p>PROPRI\u00c9T\u00c9S :<br \/>\nGr\u00e2ce \u00e0 ses actifs au pouvoir s\u00e9bo-r\u00e9gulateur, Abiderm gel nettoyant purifiant apaise et restaure le confort cutan\u00e9 de l&#8217;\u00e9piderme r\u00e9duisant ainsi de mani\u00e8re significative le nombre d&#8217;imperfections.<br \/>\nIl est sp\u00e9cialement adapt\u00e9 aux peaux sensibles, grasses \u00e0 tendance acn\u00e9ique.<\/p>\n<p>INDICATIONS :<br \/>\nNettoie et purifie la peau en douceur. Il \u00e9limine les impuret\u00e9s et l&#8217;exc\u00e9s de s\u00e9bum laissant la peau de votre visage propre et radieuse.<\/p>\n<p>CONSEILS D\u2019UTILISATION :<br \/>\nAppliquer sur le visage humide en \u00e9vitant le contour des yeux. Faire mousser avec les bouts des doigts. Rincer \u00e0 l&#8217;eau ti\u00e8de puis \u00e0 l&#8217;eau fra\u00eeche pour stimuler la peau.<\/p>\n","protected":false},"excerpt":{"rendered":"<p style=\"text-align: center;\">Acide salicylique<br \/>\nNiacinamide<br \/>\nExtrait de bardane<br \/>\nH.E lemongras<br \/>\nH.E Arbre \u00e0 th\u00e9<\/p>\n","protected":false},"featured_media":3767,"template":"","meta":[],"product_brand":[],"product_cat":[15],"product_tag":[],"class_list":{"0":"post-74","1":"product","2":"type-product","3":"status-publish","4":"has-post-thumbnail","6":"product_cat-cosmetiques","7":"clearfix","9":"first","10":"instock","11":"taxable","12":"shipping-taxable","13":"purchasable","14":"product-type-simple"},"jetpack-related-posts":[{"id":3690,"url":"https:\/\/abiderm.net\/index.php\/produit\/pack-skincare\/","url_meta":{"origin":74,"position":0},"title":"Pack Skincare","author":"Mohamed Youssef Rhalmani","date":"25 mars 2026","format":false,"excerpt":"Gel nettoyant purifiant + Ecran solaire + creme depigmentante","rel":"","context":"Article similaire","block_context":{"text":"Article similaire","link":""},"img":{"alt_text":"Pack Abiderm 3 produits","src":"https:\/\/i0.wp.com\/abiderm.net\/wp-content\/uploads\/2026\/03\/WhatsApp-Image-2026-03-25-at-17.06.18.jpeg?fit=888%2C1200&ssl=1&resize=350%2C200","width":350,"height":200},"classes":[]},{"id":76,"url":"https:\/\/abiderm.net\/index.php\/produit\/gel-nettoyant-surgras-visage-et-corps-500-ml\/","url_meta":{"origin":74,"position":1},"title":"Gel nettoyant surgras 500 ml","author":"kamal","date":"14 juin 2023","format":false,"excerpt":"Visage & corps Pentavitin Extrait de grenade Nourrissons - Enfants - Adultes 500ml","rel":"","context":"Article similaire","block_context":{"text":"Article similaire","link":""},"img":{"alt_text":"","src":"https:\/\/i0.wp.com\/abiderm.net\/wp-content\/uploads\/2023\/06\/ba0c12da-bcb4-4541-bdab-bd04a48deca9-1.jpg?fit=800%2C1200&ssl=1&resize=350%2C200","width":350,"height":200},"classes":[]},{"id":30,"url":"https:\/\/abiderm.net\/index.php\/produit\/creme-hydratante-visage\/","url_meta":{"origin":74,"position":2},"title":"Cr\u00e8me hydratante","author":"kamal","date":"13 juin 2023","format":false,"excerpt":"Visage Acide hyaluronique Vitamine C Niacinamide","rel":"","context":"Article similaire","block_context":{"text":"Article similaire","link":""},"img":{"alt_text":"","src":"https:\/\/i0.wp.com\/abiderm.net\/wp-content\/uploads\/2023\/06\/f4664b92-0da6-47db-92ac-0ea4d2a498d0.jpg?fit=800%2C1200&ssl=1&resize=350%2C200","width":350,"height":200},"classes":[]},{"id":21,"url":"https:\/\/abiderm.net\/index.php\/produit\/hoodie-with-logo-3\/","url_meta":{"origin":74,"position":3},"title":"Cr\u00e8me d\u00e9pigmentante","author":"kamal","date":"13 juin 2023","format":false,"excerpt":"Visage & corps Alpha arbutine Vitamine C DermawhiteTM","rel":"","context":"Article similaire","block_context":{"text":"Article similaire","link":""},"img":{"alt_text":"","src":"https:\/\/i0.wp.com\/abiderm.net\/wp-content\/uploads\/2023\/06\/471fc007-637c-43c7-bd9d-0e7e9ce63f86.jpg?fit=800%2C1200&ssl=1&resize=350%2C200","width":350,"height":200},"classes":[]},{"id":71,"url":"https:\/\/abiderm.net\/index.php\/produit\/creme-solaire-tres-haut-protection\/","url_meta":{"origin":74,"position":4},"title":"Cr\u00e8me solaire SPF50+","author":"kamal","date":"14 juin 2023","format":false,"excerpt":"Tr\u00e8s haut protection Allanto\u00efne INVISIBLE TOUCHER SEC","rel":"","context":"Article similaire","block_context":{"text":"Article similaire","link":""},"img":{"alt_text":"","src":"https:\/\/i0.wp.com\/abiderm.net\/wp-content\/uploads\/2023\/06\/3cec6c7f-05ad-45e6-9084-ca9461dd8a3d.jpg?fit=800%2C1200&ssl=1&resize=350%2C200","width":350,"height":200},"classes":[]}],"_links":{"self":[{"href":"https:\/\/abiderm.net\/index.php\/wp-json\/wp\/v2\/product\/74","targetHints":{"allow":["GET"]}}],"collection":[{"href":"https:\/\/abiderm.net\/index.php\/wp-json\/wp\/v2\/product"}],"about":[{"href":"https:\/\/abiderm.net\/index.php\/wp-json\/wp\/v2\/types\/product"}],"wp:featuredmedia":[{"embeddable":true,"href":"https:\/\/abiderm.net\/index.php\/wp-json\/wp\/v2\/media\/3767"}],"wp:attachment":[{"href":"https:\/\/abiderm.net\/index.php\/wp-json\/wp\/v2\/media?parent=74"}],"wp:term":[{"taxonomy":"product_brand","embeddable":true,"href":"https:\/\/abiderm.net\/index.php\/wp-json\/wp\/v2\/product_brand?post=74"},{"taxonomy":"product_cat","embeddable":true,"href":"https:\/\/abiderm.net\/index.php\/wp-json\/wp\/v2\/product_cat?post=74"},{"taxonomy":"product_tag","embeddable":true,"href":"https:\/\/abiderm.net\/index.php\/wp-json\/wp\/v2\/product_tag?post=74"}],"curies":[{"name":"wp","href":"https:\/\/api.w.org\/{rel}","templated":true}]}}